{"id":7649,"date":"2018-05-08T13:38:41","date_gmt":"2018-05-08T11:38:41","guid":{"rendered":"http:\/\/www.blomsterfonden.se\/?page_id=7649"},"modified":"2018-09-10T12:33:56","modified_gmt":"2018-09-10T10:33:56","slug":"integritetspolicy","status":"publish","type":"page","link":"http:\/\/blomsterfonden.se\/staging\/integritetspolicy\/","title":{"rendered":"xIntegritetspolicy"},"content":{"rendered":"<h1>Blomsterfondens behandling av personuppgifter enligt Dataskyddsf\u00f6rordningen (GDPR)<\/h1>\n<p><strong>F\u00f6reningen Blomsterfonden, org.nr. 802005-1465, Box 11091, 100 61 Stockholm \u00e4r personuppgiftsansvarig f\u00f6r f\u00f6reningens behandling av dina personuppgifter.<\/strong><\/p>\n<p>Inom Blomsterfonden \u00e4r v\u00e5ra kunders f\u00f6rtroende v\u00e5r st\u00f6rsta tillg\u00e5ng. Detta f\u00f6rtroende utg\u00f6r grunden f\u00f6r v\u00e5r verksamhet. F\u00f6rtroendet bygger p\u00e5 respekt och skydd f\u00f6r kundernas personliga integritet.<br \/>\nVi uppr\u00e4tth\u00e5ller detta skydd genom att behandla den information som v\u00e5ra kunder anf\u00f6rtror oss p\u00e5 ett varsamt och ansvarsfullt s\u00e4tt. I alla sammanhang d\u00e4r personuppgifter eller annan viktig information kan komma att behandlas av Blomsterfonden, eller av n\u00e5gon annan f\u00f6r Blomsterfondens r\u00e4kning, vidtas d\u00e4rf\u00f6r alla rimliga och l\u00e4mpliga \u00e5tg\u00e4rder f\u00f6r att skydda kunduppgifter fr\u00e5n obeh\u00f6rig \u00e5tkomst, vidarespridning, \u00e4ndring och f\u00f6rst\u00f6relse.<br \/>\nBlomsterfonden l\u00e4mnar inte ut dina personuppgifter till tredje part, utom till de av v\u00e5ra underleverant\u00f6rer som \u00e4r s.k. personuppgiftsbitr\u00e4den i samband med t.ex. utskick av kommunikation via e-post, sms eller vanlig post.<\/p>\n<h3>Din r\u00e4tt till dina personuppgifter<\/h3>\n<p>Du har alltid r\u00e4tt att ta del av vilka uppgifter vi sparar om dig och hur vi behandlar dessa. Du kan n\u00e4r som helst kontakta Blomsterfonden och uppdatera dina kontaktuppgifter eller tacka nej till vidare utskick via e-post eller annan kommunikation som inte r\u00f6r din medlemsavgift, plats i v\u00e5r seniorbok\u00f6 eller administration av hemtj\u00e4nst eller v\u00e5rd &amp; omsorg.<br \/>\nDu kan exempelvis kontakta oss om att avsluta ditt medlemskap, autogirogivande och s\u00e4ga upp din plats i bok\u00f6n, varp\u00e5 dina uppgifter raderas ur v\u00e5ra system.<\/p>\n<h3>Om medlemskapet<\/h3>\n<p>Blomsterfondens syfte \u00e4r att verka f\u00f6r hem och v\u00e5rd \u00e5t \u00e4ldre. N\u00e4r du \u00e4r medlem i Blomsterfonden inneb\u00e4r det att du st\u00f6djer detta syfte samtidigt som du kan ta del av v\u00e5ra medlemsf\u00f6rm\u00e5ner och planera f\u00f6r ditt eget seniorliv genom att st\u00e4lla dig\/er i Blomsterfondens bok\u00f6 f\u00f6r seniorbost\u00e4der. F\u00f6r att kunna administrera ditt medlemskap och din plats i seniorbok\u00f6n beh\u00f6ver Blomsterfonden registrera och behandla personuppgifter.<br \/>\nSom personuppgifter r\u00e4knas s\u00e5dan information som direkt eller indirekt kan knytas till en person som \u00e4r i livet. Typiska personuppgifter \u00e4r personnummer, namn och adress. \u00c4ven foton p\u00e5 personer klassas som personuppgifter och kr\u00e4ver ditt uttryckliga tillst\u00e5nd.<br \/>\nVi behandlar \u00e4ven personuppgifter f\u00f6r att ta fram statistik (intern) som hj\u00e4lper oss att utveckla v\u00e5r verksamhet och v\u00e5rt medlemskap.<\/p>\n<h3>Om Seniorbok\u00f6 och SeniorboTorget<\/h3>\n<p>Som medlem i Blomsterfonden kan du st\u00e4lla dig i v\u00e5r bok\u00f6 f\u00f6r seniorbost\u00e4der.<br \/>\nF\u00f6r att administrera din plats i bok\u00f6n anv\u00e4nder vi ditt k\u00f6datum, d.v.s. det datum du st\u00e4llde dig i Blomsterfondens seniorbok\u00f6, samt ditt personnummer, namn, adress, telefonnummer och e-post. P\u00e5 SeniorboTorget (www.bostad.blomsterfonden.se) kan du som k\u00f6ande logga in och ange dina preferenser f\u00f6r boende, samt prenumerera p\u00e5 lediga l\u00e4genheter via e-post.<\/p>\n<h3>Om insamling<\/h3>\n<p>Som ideell f\u00f6rening med 90-konto \u00e4r Blomsterfonden beroende av g\u00e5vor fr\u00e5n b\u00e5de medlemmar och icke medlemmar. N\u00e4r du sk\u00e4nker en g\u00e5va till Blomsterfonden uppger du dina personuppgifter samt v\u00e4ljer betalningss\u00e4tt som registreras i v\u00e5rt aff\u00e4rssystem. Som medlem kopplas din g\u00e5va ocks\u00e5 till ditt medlemskap, vilket ger oss m\u00f6jlighet att tacka dig personligen f\u00f6r ditt st\u00f6d. N\u00e4r du sk\u00e4nker en g\u00e5va till Blomsterfonden via v\u00e5r hemsida har du \u00e4ven m\u00f6jlighet att vara anonym. Du g\u00f6r detta genom att markera en ruta i givardialogen. I detta fall sparas inga uppgifter om din g\u00e5va annat \u00e4n f\u00f6r hantering av den specifika betalningen.<\/p>\n<h3>Om v\u00e5rd och omsorg<\/h3>\n<p>N\u00e4r det g\u00e4ller kunder inom v\u00e5rd- och omsorg kan uppgifter \u00e4ven samlas in fr\u00e5n anh\u00f6riga, kommun, stadsdelsf\u00f6rvaltning samt fr\u00e5n annan h\u00e4lso- och sjukv\u00e5rdsinstans. Fr\u00e5n kommun eller stadsdelsf\u00f6rvaltning kan uppgifter samlas in r\u00f6rande trygghetslarm eller annat st\u00f6d i hemmet. Blomsterfonden har \u00e4ven skyldighet att i f\u00f6rekommande fall l\u00e4mna ut uppgifter till kommun, stadsdelsf\u00f6rvaltning samt annan h\u00e4lso- och sjukv\u00e5rdsinstans.<br \/>\nAlla patientuppgifter hanteras i enlighet med Patientdatalagen. Vi vidtar en rad olika s\u00e4kerhets\u00e5tg\u00e4rder f\u00f6r att skydda dina personliga uppgifter. Vi anv\u00e4nder oss av avancerade krypteringsmetoder f\u00f6r att skydda k\u00e4nsliga uppgifter som \u00f6verf\u00f6rs \u00f6ver internet. Endast medarbetare som ska utr\u00e4tta ett specifikt jobb (t.ex. behandling), f\u00e5r tillg\u00e5ng till personligt identifierbar information. De datorer\/servrar som anv\u00e4nds f\u00f6r att lagra personligt identifierbar information lagras i en s\u00e4ker milj\u00f6.<\/p>\n<h3>Om du beh\u00f6ver svar p\u00e5 fler fr\u00e5gor om personuppgifter<\/h3>\n<p>Om du har fr\u00e5gor r\u00f6rande hur Blomsterfonden behandlar dina personuppgifter, eller vill ha upplysning om och kontaktuppgifter till personuppgiftsansvariga i \u00f6vriga bolag inom Blomsterfonden, \u00e4r du v\u00e4lkommen att kontakta Blomsterfondens dataskyddsombud p\u00e5 <strong><a href=\"mailto:dataskyddsombud@blomsterfonden.se\">dataskyddsombud@blomsterfonden.se<\/a><\/strong> eller via post till:<\/p>\n<p><strong>F\u00f6reningen Blomsterfonden<\/strong><br \/>\n<strong>Dataskyddsombud<\/strong><br \/>\n<strong>Box 110 91<\/strong><br \/>\n<strong>100 61 Stockholm<\/strong><\/p>\n<p>&nbsp;<\/p>\n","protected":false},"excerpt":{"rendered":"<p>Blomsterfondens behandling av personuppgifter enligt Dataskyddsf\u00f6rordningen (GDPR) F\u00f6reningen Blomsterfonden, org.nr. 802005-1465, Box 11091, 100 61 Stockholm \u00e4r personuppgiftsansvarig f\u00f6r f\u00f6reningens behandling av dina personuppgifter. Inom Blomsterfonden \u00e4r v\u00e5ra kunders f\u00f6rtroende v\u00e5r st\u00f6rsta tillg\u00e5ng. Detta f\u00f6rtroende utg\u00f6r grunden f\u00f6r v\u00e5r verksamhet. F\u00f6rtroendet bygger p\u00e5 respekt och skydd f\u00f6r kundernas personliga integritet. Vi uppr\u00e4tth\u00e5ller detta skydd genom&hellip;<\/p>\n","protected":false},"author":4,"featured_media":0,"parent":0,"menu_order":100,"comment_status":"closed","ping_status":"closed","template":"","meta":{"footnotes":""},"_links":{"self":[{"href":"http:\/\/blomsterfonden.se\/staging\/wp-json\/wp\/v2\/pages\/7649"}],"collection":[{"href":"http:\/\/blomsterfonden.se\/staging\/wp-json\/wp\/v2\/pages"}],"about":[{"href":"http:\/\/blomsterfonden.se\/staging\/wp-json\/wp\/v2\/types\/page"}],"author":[{"embeddable":true,"href":"http:\/\/blomsterfonden.se\/staging\/wp-json\/wp\/v2\/users\/4"}],"replies":[{"embeddable":true,"href":"http:\/\/blomsterfonden.se\/staging\/wp-json\/wp\/v2\/comments?post=7649"}],"version-history":[{"count":4,"href":"http:\/\/blomsterfonden.se\/staging\/wp-json\/wp\/v2\/pages\/7649\/revisions"}],"predecessor-version":[{"id":8243,"href":"http:\/\/blomsterfonden.se\/staging\/wp-json\/wp\/v2\/pages\/7649\/revisions\/8243"}],"wp:attachment":[{"href":"http:\/\/blomsterfonden.se\/staging\/wp-json\/wp\/v2\/media?parent=7649"}],"curies":[{"name":"wp","href":"https:\/\/api.w.org\/{rel}","templated":true}]}}