{"id":1348,"date":"2014-05-14T19:11:22","date_gmt":"2014-05-14T17:11:22","guid":{"rendered":"http:\/\/www.blomsterfonden.se\/?page_id=1348"},"modified":"2021-03-24T11:36:08","modified_gmt":"2021-03-24T10:36:08","slug":"seniorboenden","status":"publish","type":"page","link":"https:\/\/blomsterfonden.se\/staging\/seniorboende\/seniorboenden\/","title":{"rendered":"V\u00e5ra seniorboenden"},"content":{"rendered":"<div class=\"wpb-content-wrapper\"><p>[vc_row][vc_column][vc_custom_heading text=&#8221;V\u00e5ra seniorboenden&#8221; font_container=&#8221;tag:h1|text_align:left&#8221; use_theme_fonts=&#8221;yes&#8221;][vc_empty_space][\/vc_column][\/vc_row][vc_row][vc_column width=&#8221;1\/2&#8243;][vc_column_text]<\/p>\n<h3>K\u00f6rsb\u00e4rsv\u00e4gen (\u00d6stermalm)<\/h3>\n<p>K\u00f6rsb\u00e4rsv\u00e4gen \u00e4r en liten avstickare till Valhallav\u00e4gen, n\u00e4ra intill \u00d6stra station. H\u00e4r, med en magnifik utsikt \u00f6ver Stockholm, har vi 74 l\u00e4genheter. Vi har \u00e4ven en stor takterrass tillg\u00e4nglig f\u00f6r hyresg\u00e4sterna, samt en salong, med m\u00f6jligheter att l\u00e5na f\u00f6r fester och liknande.<br \/>\n<a href=\"http:\/\/www.blomsterfonden.se\/seniorboende\/korsbarsvagen\/\">L\u00e4s mer h\u00e4r<\/a>[\/vc_column_text][\/vc_column][vc_column width=&#8221;1\/2&#8243;][vc_single_image image=&#8221;12107&#8243; img_size=&#8221;large&#8221;][\/vc_column][\/vc_row][vc_row][vc_column width=&#8221;1\/2&#8243;][vc_column_text]<\/p>\n<h3>Liseberg (\u00c4lvsj\u00f6)<\/h3>\n<p>Blomsterfondens Liseberg ligger i \u00c4lvsj\u00f6, vid en \u00e5terv\u00e4ndsgata i ett stillsamt villaomr\u00e5de. Inom omr\u00e5det finns en lummig park med bland annat boulebana och grillhage.\u00a0P\u00e5 bekv\u00e4mt g\u00e5ngavst\u00e5nd finns andra h\u00e4rliga gr\u00f6nomr\u00e5den.<br \/>\n<a href=\"http:\/\/www.blomsterfonden.se\/seniorboende\/seniorboenden\/liseberg-alvsjo\/\">L\u00e4s mer h\u00e4r<\/a>[\/vc_column_text][\/vc_column][vc_column width=&#8221;1\/2&#8243;][vc_single_image image=&#8221;12103&#8243; img_size=&#8221;large&#8221;][\/vc_column][\/vc_row][vc_row][vc_column width=&#8221;1\/2&#8243;][vc_column_text]<\/p>\n<h3>Ringv\u00e4gen (S\u00f6dermalm)<\/h3>\n<p>Ringv\u00e4gen \u00e4r en klassisk Blomsterfondsadress. L\u00e4get \u00e4r f\u00f6rh\u00e5llandevis lugnt f\u00f6r att ligga s\u00e5 centralt, med bara fem minuters g\u00e5ngv\u00e4g till Ringens k\u00f6pcentrum. N\u00e4rheten till \u00c5rstaviken ger dig som hyresg\u00e4st utm\u00e4rkta promenadstr\u00e5k.<br \/>\n<a href=\"http:\/\/www.blomsterfonden.se\/seniorboende\/ringvagen-sodermalm\/\">L\u00e4s mer h\u00e4r<\/a>[\/vc_column_text][\/vc_column][vc_column width=&#8221;1\/2&#8243;][vc_single_image image=&#8221;823&#8243; img_size=&#8221;large&#8221;][\/vc_column][\/vc_row][vc_row][vc_column width=&#8221;1\/2&#8243;][vc_column_text]<\/p>\n<h3>R\u00f6da bergen (Norrmalm)<\/h3>\n<p>R\u00f6da bergen\u00a0\u00e4r Blomsterfondens \u00e4ldsta anl\u00e4ggning och k\u00e4nns som en sm\u00e5stad mitt i stan. H\u00e4r finns drygt 100 l\u00e4genheter i hus byggda runt en lugn och vacker tr\u00e4dg\u00e5rd.<br \/>\n<a href=\"http:\/\/www.blomsterfonden.se\/seniorboende\/roda-bergen\/\">L\u00e4s mer h\u00e4r<\/a>[\/vc_column_text][\/vc_column][vc_column width=&#8221;1\/2&#8243;][vc_single_image image=&#8221;12104&#8243; img_size=&#8221;large&#8221;][\/vc_column][\/vc_row][vc_row][vc_column width=&#8221;1\/2&#8243;][vc_column_text]<\/p>\n<h3>Svaln\u00e4s\u00a0 (Danderyd)<\/h3>\n<p>Att leva i Blomsterfondens l\u00e4genheter i Svaln\u00e4s \u00e4r som att leva precis som i vilken annan l\u00e4genhet som helst. H\u00e4r har du en h\u00e4rlig natur, n\u00e4ra till sj\u00f6 och golfbana. Du har trevliga grannar i din egen \u00e5lder.<br \/>\n<a href=\"http:\/\/www.blomsterfonden.se\/seniorboende\/seniorboenden\/svalnas-djursholm\/\">L\u00e4s mer h\u00e4r<\/a>[\/vc_column_text][\/vc_column][vc_column width=&#8221;1\/2&#8243;][vc_single_image image=&#8221;12102&#8243; img_size=&#8221;large&#8221;][\/vc_column][\/vc_row]<\/p>\n<\/div>","protected":false},"excerpt":{"rendered":"<p>[vc_row][vc_column][vc_custom_heading text=&#8221;V\u00e5ra seniorboenden&#8221; font_container=&#8221;tag:h1|text_align:left&#8221; use_theme_fonts=&#8221;yes&#8221;][vc_empty_space][\/vc_column][\/vc_row][vc_row][vc_column width=&#8221;1\/2&#8243;][vc_column_text] K\u00f6rsb\u00e4rsv\u00e4gen (\u00d6stermalm) K\u00f6rsb\u00e4rsv\u00e4gen \u00e4r en liten avstickare till Valhallav\u00e4gen, n\u00e4ra intill \u00d6stra station. H\u00e4r, med en magnifik utsikt \u00f6ver Stockholm, har vi 74 l\u00e4genheter. Vi har \u00e4ven en stor takterrass tillg\u00e4nglig f\u00f6r hyresg\u00e4sterna, samt en salong, med m\u00f6jligheter att l\u00e5na f\u00f6r fester och liknande. L\u00e4s mer h\u00e4r[\/vc_column_text][\/vc_column][vc_column width=&#8221;1\/2&#8243;][vc_single_image image=&#8221;12107&#8243;&hellip;<\/p>\n","protected":false},"author":4,"featured_media":0,"parent":11,"menu_order":1,"comment_status":"closed","ping_status":"closed","template":"","meta":{"footnotes":""},"_links":{"self":[{"href":"https:\/\/blomsterfonden.se\/staging\/wp-json\/wp\/v2\/pages\/1348"}],"collection":[{"href":"https:\/\/blomsterfonden.se\/staging\/wp-json\/wp\/v2\/pages"}],"about":[{"href":"https:\/\/blomsterfonden.se\/staging\/wp-json\/wp\/v2\/types\/page"}],"author":[{"embeddable":true,"href":"https:\/\/blomsterfonden.se\/staging\/wp-json\/wp\/v2\/users\/4"}],"replies":[{"embeddable":true,"href":"https:\/\/blomsterfonden.se\/staging\/wp-json\/wp\/v2\/comments?post=1348"}],"version-history":[{"count":18,"href":"https:\/\/blomsterfonden.se\/staging\/wp-json\/wp\/v2\/pages\/1348\/revisions"}],"predecessor-version":[{"id":12109,"href":"https:\/\/blomsterfonden.se\/staging\/wp-json\/wp\/v2\/pages\/1348\/revisions\/12109"}],"up":[{"embeddable":true,"href":"https:\/\/blomsterfonden.se\/staging\/wp-json\/wp\/v2\/pages\/11"}],"wp:attachment":[{"href":"https:\/\/blomsterfonden.se\/staging\/wp-json\/wp\/v2\/media?parent=1348"}],"curies":[{"name":"wp","href":"https:\/\/api.w.org\/{rel}","templated":true}]}}