{"id":15603,"date":"2023-11-28T15:01:53","date_gmt":"2023-11-28T14:01:53","guid":{"rendered":"https:\/\/www.blomsterfonden.se\/?page_id=15603"},"modified":"2023-12-30T12:12:37","modified_gmt":"2023-12-30T11:12:37","slug":"folj-med-pa-medlemsresa-med-tag-till-hamburg","status":"publish","type":"page","link":"https:\/\/blomsterfonden.se\/staging\/om-oss\/medlemskapet\/medlemsformaner\/folj-med-pa-medlemsresa-med-tag-till-hamburg\/","title":{"rendered":"F\u00f6lj med p\u00e5 medlemsresa med t\u00e5g till Hamburg"},"content":{"rendered":"<div class=\"wpb-content-wrapper\"><p>[vc_row][vc_column][vc_column_text]<\/p>\n<h1>F\u00f6lj med p\u00e5 medlemsresa med t\u00e5g till Hamburg<\/h1>\n<p>\u00c4ntligen har vi m\u00f6jlighet att erbjuda den f\u00f6rsta medlemsresan med t\u00e5g hela v\u00e4gen till Hamburg, som ocks\u00e5 brukar kallas just den gr\u00f6na staden vid vattnet. F\u00f6r den kulturintresserade \u00e4r Hamburg den sj\u00e4lvklara destinationen. H\u00e4r kan man g\u00e5 p\u00e5 konserter och konstgallerier och g\u00e5 p\u00e5 uppt\u00e4cktsf\u00e4rd bland m\u00e5nga sev\u00e4rdheter och shoppingdistrikt.<\/p>\n<p>Vi reser medan vi sover och vaknar upp p\u00e5 kontinenten redo f\u00f6r nya upplevelser! Vill du f\u00f6lja med?[\/vc_column_text][vc_row_inner][vc_column_inner width=&#8221;1\/2&#8243;][vc_column_text]<\/p>\n<h3>Om t\u00e5gresan<\/h3>\n<p>T\u00e5get g\u00e5r fr\u00e5n Stockholms Central direkt till Hamburg Hauptbahnhof<br \/>\n<strong>Utresa:<\/strong> 22 april fr\u00e5n Stockholms C. \u2013 Hamburg Hbf\u00a0 (17:34 \u2013 06:00 \/ 23.04.2024)<br \/>\n<strong>Hemresa:<\/strong> 25 april fr\u00e5n Hamburg Hbf \u2013 Stockholms C. (22:03 \u2013 09:57 \/ 26.04.2024)<br \/>\n<strong>Mer detaljer om t\u00e5gresan l\u00e4ngre ner p\u00e5 denna sida!<\/strong>[\/vc_column_text][vc_single_image image=&#8221;15607&#8243; img_size=&#8221;large&#8221;][\/vc_column_inner][vc_column_inner width=&#8221;1\/2&#8243;][vc_column_text]<\/p>\n<h3>Pris<\/h3>\n<p><strong>Paketpris:<\/strong> SEK 8595 \/person i dubbelrum<br \/>\n<strong>Enkelrumstill\u00e4gg:<\/strong> SEK 2165 \/ per person<br \/>\n(Till\u00e4gg f\u00f6r enkel kup\u00e9 under t\u00e5gresan: SEK 3225 per person ToR)<\/p>\n<p><strong>I priset ing\u00e5r:<\/strong><\/p>\n<ul>\n<li>T\u00e5gbiljetter till Hamburg tur och retur inkl. sovplats i tv\u00e5b\u00e4ddskup\u00e9<\/li>\n<li>Boende tv\u00e5 n\u00e4tter i dubbelrum p\u00e5 Hotel Senator<\/li>\n<li>Tre frukostar p\u00e5 hotellet<\/li>\n<li>En tv\u00e5r\u00e4tters middag<\/li>\n<li>Tv\u00e5 stadsvandringar med svensktalande guide<\/li>\n<li>Turistskatt<\/li>\n<li>Medf\u00f6ljande st\u00f6dperson fr\u00e5n Blomsterfonden<\/li>\n<\/ul>\n<p>20 deltagare kr\u00e4vs f\u00f6r att resan ska bli av. Inga f\u00f6rs\u00e4kringar ing\u00e5r i priset. Vid eventuella avbokningar g\u00e4ller egna f\u00f6rs\u00e4kringar.[\/vc_column_text][\/vc_column_inner][\/vc_row_inner][vc_row_inner][vc_column_inner][vc_column_text]<\/p>\n<h3>Boende i Hamburg<\/h3>\n<p><strong>Boende:<\/strong><br \/>\n<a href=\"https:\/\/www.hotel-senator-hamburg.de\/en\/\" target=\"_blank\" rel=\"noopener\">Hotel Senator Hamburg<\/a>, 4 *<br \/>\nLange Reihe 18-20, 20099 Hamburg, Tyskland<br \/>\nTelefon: +49 40 241930<\/p>\n<h3>Om Hotel Senator<\/h3>\n<p>Detta privat\u00e4gda hotell ligger i Hamburgs livliga distrikt St Georg, bara n\u00e5gra minuters g\u00e5ngv\u00e4g fr\u00e5n stadsk\u00e4rnan, Alstersj\u00f6n och j\u00e4rnv\u00e4gsstationen. Det fyrstj\u00e4rniga Hotel Senator erbjuder bekv\u00e4ma, smakfullt inredda rum och tr\u00e5dl\u00f6st internet finns tillg\u00e4ngligt p\u00e5 alla rum och p\u00e5 hela hotellet.<br \/>\nP\u00e5 morgonen kan du njuta av Senators m\u00e4ttande frukostbuff\u00e9 och det finns \u00e4ven en trevlig bar.<\/p>\n<h3>Mer info om t\u00e5gresan<\/h3>\n<p><strong>Plats i sovvagn 2 klass i dam- eller herrkup\u00e9 med 2 platser<\/strong><br \/>\n\u25e6 S\u00e4ngarna \u00e4r b\u00e4ddade och det finns handfat, tv\u00e5l och handdukar<br \/>\n\u25e6 WC finns i vagns\u00e4nden<br \/>\n\u25e6 Dricksvatten finns<br \/>\n\u25e6 Frukost ing\u00e5r och serveras till kup\u00e9n. Frukostboxen \u00e4r vegetarisk.<br \/>\n\u25e6 AC finns och eluttag med 230 V (f\u00f6r rakapparat och dylikt)[\/vc_column_text][vc_column_text]<\/p>\n<h3>F\u00f6r mer information och bokning av resan:<\/h3>\n<h3>Kontakta CE Travel p\u00e5 tel: 08-441 7190 eller skicka mejl till <a href=\"mailto:info@cetravel.se\"><span style=\"color: #0000ff;\">info@cetravel.se<\/span><\/a><\/h3>\n<p>[\/vc_column_text][\/vc_column_inner][\/vc_row_inner][vc_column_text]<\/p>\n<h3>Program<\/h3>\n<p><strong>Dag 1. 22.04.2024<\/strong><\/p>\n<p>17:00 \u00a0\u00a0\u00a0M\u00f6te p\u00e5 Centralstationen City Terminalen i Stockholm<br \/>\n17:34 \u00a0\u00a0\u00a0T\u00e5gresa till Hamburg med en natt t\u00e5g.<br \/>\n<strong>\u00a0<\/strong><br \/>\n<strong>Dag 2. 23.04.2024<\/strong><\/p>\n<p>06:00\u00a0\u00a0 \u00a0Ankomst till Hamburg Hauptbahnhof, t\u00e5gstationen.<br \/>\nEn kort promenad till hotellet.<br \/>\nHotell \u201dSenator \u201dligger i n\u00e4rheten, ca 300 meter, max 5 minuter promenad.<br \/>\nIncheckning. I v\u00e4ntan p\u00e5 rum kan alla l\u00e4mna sina v\u00e4skor i bagagerummet.<\/p>\n<p>08:00\u00a0\u00a0\u00a0 Frukostbuff\u00e9 p\u00e5 hotellet.<br \/>\n09:30 \u00a0\u00a0\u00a0M\u00f6te p\u00e5 hotellet med v\u00e5r svensktalande guide som kommer ha med sig kartor \u00f6ver Hamburg. Gruppen promenerar tillsammans i stadsdelen St. Georg d\u00e4r v\u00e5r Hotell \u201d Senator\u201d ligger. Detta \u00e4r en livlig och mycket trevlig del av Hamburg. Det finns gott om sm\u00e5 restauranger<br \/>\noch mindre butiker d\u00e4r omkring. St. Georg \u00e4r helt enkelt en genuin del av Hamburg. Guiden kommer \u00e4ven peka ut n\u00e5gra trevliga lunch och middags st\u00e4llen i n\u00e4rheten av hotellet.<\/p>\n<p>19:30 \u00a0\u00a0\u00a0<strong>Extra program i Hamburg mot till\u00e4gg:<\/strong><br \/>\nHamburgs Staatsoper<br \/>\nOpera \u201d Don Pasquale\u00a0\u00e4r en italiensk\u00a0opera\u00a0i tre akter med musik av\u00a0Gaetano Donizetti<br \/>\nPris: 775: &#8211; sek per person.<br \/>\n<strong>OBS!<\/strong> Meddela direkt vid bokning f\u00f6r att s\u00e4kra attraktiva biljetter.<\/p>\n<p><strong>Dag 3. 24.04.2024<\/strong><\/p>\n<p>Fr.07:00 Frukost p\u00e5 hotellet.<br \/>\nDagen fri f\u00f6r egna str\u00f6vt\u00e5g, shopping.<br \/>\nF\u00f6rslag p\u00e5 programmet i separat bilaga!<\/p>\n<p>18:30\u00a0\u00a0\u00a0 M\u00f6te i lobby f\u00f6r gemensam vandring till en middag p\u00e5 en typisk Hamburgs restaurang \u201d Schiffb\u00f6rse Kirchenalle \u201dD\u00e4r serverar dem Nordtyska fisk och k\u00f6ttr\u00e4tter i ett utsmyckat vackert rum med tr\u00e4paneler med maritima konst.<br \/>\n19:00\u00a0\u00a0\u00a0 V\u00e4lkomstmiddag 2 r\u00e4tter, vatten, kaffe.<\/p>\n<p><strong>Dag 4. 25.04.2024<\/strong><\/p>\n<p>Fr 07:00 Frukost p\u00e5 hotellet.<br \/>\n12:00 Utcheckning fr\u00e5n hotellet. Alla bagage skall placeras i bagagerummet.<\/p>\n<p>10:00 M\u00f6te i lobby med v\u00e5r svensktalande guide f\u00f6r en rundvandring d\u00e4r vi bl.a. kommer att bes\u00f6ka R\u00e5dhuset \/Rathaus\/och den ber\u00f6mda kyrkan S:t Nicolai och S:t Michael. V\u00e5r guide kommer att visa var man hittar b\u00e4st shopping och \u00e4ven tipsa om restauranger f\u00f6r lunch.<\/p>\n<p>ca 20:30 Gemensam promenad till Hamburg Hauptbahnhof, t\u00e5gstationen.<\/p>\n<p>22:03 Avg\u00e5ng med SJ Euronight train mot Stockholm Centralen.<\/p>\n<p><strong>Dag 5. 26.04.2024<\/strong><\/p>\n<p>09:57 Ankomst till Centralstation, Cityterminalen i Stockholm[\/vc_column_text][vc_column_text]<\/p>\n<h3>Kontakta CE Travel p\u00e5 tel: 08-441 7190 eller skicka mejl till <a href=\"mailto:info@cetravel.se\">info@cetravel.se<\/a><\/h3>\n<p>[\/vc_column_text][\/vc_column][\/vc_row]<\/p>\n<\/div>","protected":false},"excerpt":{"rendered":"<p>[vc_row][vc_column][vc_column_text] F\u00f6lj med p\u00e5 medlemsresa med t\u00e5g till Hamburg \u00c4ntligen har vi m\u00f6jlighet att erbjuda den f\u00f6rsta medlemsresan med t\u00e5g hela v\u00e4gen till Hamburg, som ocks\u00e5 brukar kallas just den gr\u00f6na staden vid vattnet. F\u00f6r den kulturintresserade \u00e4r Hamburg den sj\u00e4lvklara destinationen. H\u00e4r kan man g\u00e5 p\u00e5 konserter och konstgallerier och g\u00e5 p\u00e5 uppt\u00e4cktsf\u00e4rd bland&hellip;<\/p>\n","protected":false},"author":4,"featured_media":15604,"parent":1067,"menu_order":0,"comment_status":"closed","ping_status":"closed","template":"","meta":{"footnotes":""},"_links":{"self":[{"href":"https:\/\/blomsterfonden.se\/staging\/wp-json\/wp\/v2\/pages\/15603"}],"collection":[{"href":"https:\/\/blomsterfonden.se\/staging\/wp-json\/wp\/v2\/pages"}],"about":[{"href":"https:\/\/blomsterfonden.se\/staging\/wp-json\/wp\/v2\/types\/page"}],"author":[{"embeddable":true,"href":"https:\/\/blomsterfonden.se\/staging\/wp-json\/wp\/v2\/users\/4"}],"replies":[{"embeddable":true,"href":"https:\/\/blomsterfonden.se\/staging\/wp-json\/wp\/v2\/comments?post=15603"}],"version-history":[{"count":14,"href":"https:\/\/blomsterfonden.se\/staging\/wp-json\/wp\/v2\/pages\/15603\/revisions"}],"predecessor-version":[{"id":15709,"href":"https:\/\/blomsterfonden.se\/staging\/wp-json\/wp\/v2\/pages\/15603\/revisions\/15709"}],"up":[{"embeddable":true,"href":"https:\/\/blomsterfonden.se\/staging\/wp-json\/wp\/v2\/pages\/1067"}],"wp:featuredmedia":[{"embeddable":true,"href":"https:\/\/blomsterfonden.se\/staging\/wp-json\/wp\/v2\/media\/15604"}],"wp:attachment":[{"href":"https:\/\/blomsterfonden.se\/staging\/wp-json\/wp\/v2\/media?parent=15603"}],"curies":[{"name":"wp","href":"https:\/\/api.w.org\/{rel}","templated":true}]}}